{"id":11331,"date":"2021-04-29T18:40:01","date_gmt":"2021-04-29T18:40:01","guid":{"rendered":"https:\/\/www.stjohncathedral.org\/?page_id=11331"},"modified":"2026-02-03T11:58:12","modified_gmt":"2026-02-03T17:58:12","slug":"events","status":"publish","type":"page","link":"https:\/\/www.stjohncathedral.org\/index.php\/events\/","title":{"rendered":"Upcoming Events"},"content":{"rendered":"\n<p>During Lent we will have Adoration every Thursday in the Cathedral. You\u2019re warmly invited to spend one hour each week in Eucharistic Adoration, resting quietly in the presence of the Lord. Please use the link below to review the available slots and up.&nbsp;Thank you!&nbsp;<\/p>\n\n\n\n<p><a rel=\"noreferrer noopener\" href=\"https:\/\/volunteersignup.org\/4AQXM\" target=\"_blank\">volunteersignup.org\/4AQXM<\/a><\/p>\n\n\n\n<hr class=\"wp-block-separator has-alpha-channel-opacity\"\/>\n\n\n\n<p>Cathedral Lenten Bible Study: The Gospel of John with Fr. Edward Sanchez<br>We invite all interested to join our Cathedral Lenten Bible Study focusing on the Gospel of John (our Archdiocesan &amp; Cathedral Patron Saint) on Monday evenings during Lent from 7:00 &#8211; 8:00 pm in the Cathedral Atrium. Cathedral Pastor Fr. Edward Sanchez and staff member Trevor Beach will host the Bible Study in both English and Spanish. Sessions are set for Mondays: February 23, March 2, 9, 16, 23, &amp; 30. For questions, please contact Trevor Beach at tbeach@ffpmke.org.<\/p>\n\n\n\n<p>Estudio b\u00edblico en la Catedral: El Evangelio de San Juan con Padre Edward Sanchez<br>Invitamos a todos los interesados a unirse a nuestro estudio b\u00edblico de Cuaresma en la Catedral, sobre en el Evangelio de San Juan (patrono de nuestra Arquidi\u00f3cesis y de la Catedral), los lunes por la noche durante la Cuaresma, de 7 a 8 p.m., en el atrio de la Catedral. El p\u00e1rroco de la Catedral, el Padre Edward Sanchez, y Trevor Beach, miembro del personal, dirigir\u00e1n el estudio b\u00edblico en ingl\u00e9s y espa\u00f1ol. Las sesiones se llevar\u00e1n a cabo los lunes: 23 de febrero, y el 2, 9, 16, 23 y 30 de marzo. Cualquier pregunta, comun\u00edquese con Trevor Beach a tbeach@ffpmke.org.<\/p>\n","protected":false},"excerpt":{"rendered":"<p>During Lent we will have Adoration every Thursday in the Cathedral. You\u2019re warmly invited to spend one hour each week in Eucharistic Adoration, resting quietly in the presence of the Lord. Please use the link below to review the available slots and up.&nbsp;Thank you!&nbsp; volunteersignup.org\/4AQXM Cathedral Lenten Bible Study: The Gospel of John with Fr.<\/p>\n","protected":false},"author":3,"featured_media":0,"parent":0,"menu_order":0,"comment_status":"closed","ping_status":"closed","template":"","meta":{"_monsterinsights_skip_tracking":false,"_monsterinsights_sitenote_active":false,"_monsterinsights_sitenote_note":"","_monsterinsights_sitenote_category":0},"_links":{"self":[{"href":"https:\/\/www.stjohncathedral.org\/index.php\/wp-json\/wp\/v2\/pages\/11331"}],"collection":[{"href":"https:\/\/www.stjohncathedral.org\/index.php\/wp-json\/wp\/v2\/pages"}],"about":[{"href":"https:\/\/www.stjohncathedral.org\/index.php\/wp-json\/wp\/v2\/types\/page"}],"author":[{"embeddable":true,"href":"https:\/\/www.stjohncathedral.org\/index.php\/wp-json\/wp\/v2\/users\/3"}],"replies":[{"embeddable":true,"href":"https:\/\/www.stjohncathedral.org\/index.php\/wp-json\/wp\/v2\/comments?post=11331"}],"version-history":[{"count":19,"href":"https:\/\/www.stjohncathedral.org\/index.php\/wp-json\/wp\/v2\/pages\/11331\/revisions"}],"predecessor-version":[{"id":15052,"href":"https:\/\/www.stjohncathedral.org\/index.php\/wp-json\/wp\/v2\/pages\/11331\/revisions\/15052"}],"wp:attachment":[{"href":"https:\/\/www.stjohncathedral.org\/index.php\/wp-json\/wp\/v2\/media?parent=11331"}],"curies":[{"name":"wp","href":"https:\/\/api.w.org\/{rel}","templated":true}]}}