{"id":15126,"date":"2026-02-27T09:51:45","date_gmt":"2026-02-27T15:51:45","guid":{"rendered":"https:\/\/www.stjohncathedral.org\/?page_id=15126"},"modified":"2026-03-02T11:55:56","modified_gmt":"2026-03-02T17:55:56","slug":"installation-mass-at-the-cathedral","status":"publish","type":"page","link":"https:\/\/www.stjohncathedral.org\/index.php\/installation-mass-at-the-cathedral\/","title":{"rendered":"Installation Mass at the Cathedral"},"content":{"rendered":"\n<figure class=\"wp-block-image size-large\"><img decoding=\"async\" loading=\"lazy\" width=\"1024\" height=\"683\" src=\"https:\/\/www.stjohncathedral.org\/wp-content\/uploads\/Father-Edward-Cathedral-St.-John-the-Evangelist-Image-01-1024x683.jpg\" alt=\"\" class=\"wp-image-15127\" srcset=\"https:\/\/www.stjohncathedral.org\/wp-content\/uploads\/Father-Edward-Cathedral-St.-John-the-Evangelist-Image-01-1024x683.jpg 1024w, https:\/\/www.stjohncathedral.org\/wp-content\/uploads\/Father-Edward-Cathedral-St.-John-the-Evangelist-Image-01-300x200.jpg 300w, https:\/\/www.stjohncathedral.org\/wp-content\/uploads\/Father-Edward-Cathedral-St.-John-the-Evangelist-Image-01-150x100.jpg 150w, https:\/\/www.stjohncathedral.org\/wp-content\/uploads\/Father-Edward-Cathedral-St.-John-the-Evangelist-Image-01-768x512.jpg 768w, https:\/\/www.stjohncathedral.org\/wp-content\/uploads\/Father-Edward-Cathedral-St.-John-the-Evangelist-Image-01-1536x1024.jpg 1536w, https:\/\/www.stjohncathedral.org\/wp-content\/uploads\/Father-Edward-Cathedral-St.-John-the-Evangelist-Image-01-280x187.jpg 280w, https:\/\/www.stjohncathedral.org\/wp-content\/uploads\/Father-Edward-Cathedral-St.-John-the-Evangelist-Image-01-1170x780.jpg 1170w, https:\/\/www.stjohncathedral.org\/wp-content\/uploads\/Father-Edward-Cathedral-St.-John-the-Evangelist-Image-01.jpg 2048w\" sizes=\"(max-width: 1024px) 100vw, 1024px\" \/><\/figure>\n\n\n\n<p><\/p>\n\n\n\n<h2><strong>Come to the Installation Mass<\/strong><\/h2>\n\n\n\n<p>We kindly invite all the community to join us at the Installation Mass of Fr. Edward Sanchez as the Rector and Pastor of the Cathedral of St. John the Evangelist. Mass will be presided over by Most Reverend Jeffrey S. Grob, Archbishop of Milwaukee.<\/p>\n\n\n\n<blockquote class=\"wp-block-quote\">\n<p class=\"has-text-align-center\">Date: <strong>Tuesday, March 24, 2026, at 6 PM<\/strong>.<br>Location: 812 N Jackson St, Milwaukee, WI 53202<br>Light reception to follow at the Atrium.<\/p>\n<\/blockquote>\n\n\n\n<p>Notice: On March 24, Evening Prayer and Daily Mass will be suspended due to this special event.<\/p>\n\n\n\n<p>&#8211;<\/p>\n\n\n\n<h2><strong>Les esperamos en la Misa de Toma de Posesi\u00f3n<\/strong><\/h2>\n\n\n\n<p>Invitamos cordialmente a toda la comunidad a acompa\u00f1arnos en la Misa de Toma de Posesi\u00f3n del P. Edward S\u00e1nchez como Rector y Pastor de la Catedral de San Juan Evangelista. La Misa ser\u00e1 presidida por el Reverend\u00edsimo Jeffrey S. Grob, Arzobispo de Milwaukee.<\/p>\n\n\n\n<blockquote class=\"wp-block-quote\">\n<p class=\"has-text-align-center\">Fecha: <strong>Martes, 24 de marzo de 2026, a las 6 PM<\/strong>.<br>Locaci\u00f3n: 812 N Jackson St, Milwaukee, WI 53202<br>Recepci\u00f3n ligera en el Atrio.<\/p>\n<\/blockquote>\n\n\n\n<p>Aviso: El 24 de marzo, la Oraci\u00f3n Vespertina y la Misa Diaria se suspender\u00e1n debido a este evento especial.<\/p>\n","protected":false},"excerpt":{"rendered":"<p>Come to the Installation Mass We kindly invite all the community to join us at the Installation Mass of Fr. Edward Sanchez as the Rector and Pastor of the Cathedral of St. John the Evangelist. Mass will be presided over by Most Reverend Jeffrey S. Grob, Archbishop of Milwaukee. Date: Tuesday, March 24, 2026, at<\/p>\n","protected":false},"author":7,"featured_media":0,"parent":0,"menu_order":0,"comment_status":"closed","ping_status":"closed","template":"","meta":{"_monsterinsights_skip_tracking":false,"_monsterinsights_sitenote_active":false,"_monsterinsights_sitenote_note":"","_monsterinsights_sitenote_category":0},"_links":{"self":[{"href":"https:\/\/www.stjohncathedral.org\/index.php\/wp-json\/wp\/v2\/pages\/15126"}],"collection":[{"href":"https:\/\/www.stjohncathedral.org\/index.php\/wp-json\/wp\/v2\/pages"}],"about":[{"href":"https:\/\/www.stjohncathedral.org\/index.php\/wp-json\/wp\/v2\/types\/page"}],"author":[{"embeddable":true,"href":"https:\/\/www.stjohncathedral.org\/index.php\/wp-json\/wp\/v2\/users\/7"}],"replies":[{"embeddable":true,"href":"https:\/\/www.stjohncathedral.org\/index.php\/wp-json\/wp\/v2\/comments?post=15126"}],"version-history":[{"count":12,"href":"https:\/\/www.stjohncathedral.org\/index.php\/wp-json\/wp\/v2\/pages\/15126\/revisions"}],"predecessor-version":[{"id":15150,"href":"https:\/\/www.stjohncathedral.org\/index.php\/wp-json\/wp\/v2\/pages\/15126\/revisions\/15150"}],"wp:attachment":[{"href":"https:\/\/www.stjohncathedral.org\/index.php\/wp-json\/wp\/v2\/media?parent=15126"}],"curies":[{"name":"wp","href":"https:\/\/api.w.org\/{rel}","templated":true}]}}